{"id":8683,"date":"2021-11-25T10:05:34","date_gmt":"2021-11-25T09:05:34","guid":{"rendered":"https:\/\/zipperle.it\/efrefesr\/"},"modified":"2022-02-02T16:58:48","modified_gmt":"2022-02-02T15:58:48","slug":"efrefesr-fondo-europeo","status":"publish","type":"page","link":"https:\/\/zipperle.it\/it\/efrefesr-fondo-europeo\/","title":{"rendered":"efrefesr Fondo europeo"},"content":{"rendered":"\n<style type=\"text\/css\" data-created_by=\"avia_inline_auto\" id=\"style-css-av-kweqbp4z-c430951b343b99c52d86204373c3b5d3\">\n.avia-section.av-kweqbp4z-c430951b343b99c52d86204373c3b5d3{\nbackground-repeat:no-repeat;\nbackground-image:url(https:\/\/zipperle.it\/wp-content\/uploads\/2021\/11\/efre-fesr_header_1920.jpg);\nbackground-position:50% 50%;\nbackground-attachment:scroll;\nposition:relative;\n}\n.avia-section.av-kweqbp4z-c430951b343b99c52d86204373c3b5d3 .avia-divider-svg-bottom svg{\nheight:60px;\nwidth:calc(100% + 1.3px);\nfill:#ffffff;\n}\n<\/style>\n<div id='av_section_1'  class='avia-section av-kweqbp4z-c430951b343b99c52d86204373c3b5d3 main_color avia-section-default avia-no-border-styling  avia-builder-el-0  el_before_av_section  avia-builder-el-first  avia-full-stretch avia-bg-style-scroll av-minimum-height av-minimum-height-80 av-height-percent  container_wrap fullsize'  data-section-bg-repeat='stretch' data-av_minimum_height_pc='80' data-av_min_height_opt='percent'><div class='avia-divider-svg avia-divider-svg-curve-asymmetrical avia-divider-svg-bottom avia-to-front avia-svg-original'><svg xmlns=\"http:\/\/www.w3.org\/2000\/svg\" viewBox=\"0 0 1000 100\" preserveAspectRatio=\"none\">\n\t<path d=\"M0,0c0,0,0,6,0,6.7c0,18,240.2,93.6,615.2,92.6C989.8,98.5,1000,25,1000,6.7c0-0.7,0-6.7,0-6.7H0z\"\/>\n<\/svg><\/div><div class=\"av-section-color-overlay-wrap\"><a href='#next-section' title='' class='scroll-down-link  avia-svg-icon avia-font-svg_entypo-fontello' data-av_svg_icon='down-open-mini' data-av_iconset='svg_entypo-fontello'><svg version=\"1.1\" xmlns=\"http:\/\/www.w3.org\/2000\/svg\" width=\"15\" height=\"32\" viewBox=\"0 0 15 32\" preserveAspectRatio=\"xMidYMid meet\" aria-labelledby='av-svg-title-1' aria-describedby='av-svg-desc-1' role=\"graphics-symbol\" aria-hidden=\"true\">\n<title id='av-svg-title-1'>Scorrere alla sezione successiva<\/title>\n<desc id='av-svg-desc-1'>Scorrere alla sezione successiva<\/desc>\n<path d=\"M12.96 12.16q0.704-0.832 1.536 0 0.832 0.704 0 1.536l-6.272 6.144q-0.704 0.704-1.536 0l-6.272-6.144q-0.832-0.832 0-1.536 0.768-0.768 1.6 0l5.44 4.992z\"><\/path>\n<\/svg><\/a><div class='container av-section-cont-open' ><main  role=\"main\" itemprop=\"mainContentOfPage\"  class='template-page content  av-content-full alpha units'><div class='post-entry post-entry-type-page post-entry-8683'><div class='entry-content-wrapper clearfix'>\n\n<style type=\"text\/css\" data-created_by=\"avia_inline_auto\" id=\"style-css-av-kweqc24h-5b7b6e863637b0149cf19adde3dce23e\">\n#top .av-special-heading.av-kweqc24h-5b7b6e863637b0149cf19adde3dce23e{\npadding-bottom:10px;\ncolor:#ffffff;\nfont-size:100px;\n}\nbody .av-special-heading.av-kweqc24h-5b7b6e863637b0149cf19adde3dce23e .av-special-heading-tag .heading-char{\nfont-size:25px;\n}\n#top #wrap_all .av-special-heading.av-kweqc24h-5b7b6e863637b0149cf19adde3dce23e .av-special-heading-tag{\nfont-size:100px;\n}\n.av-special-heading.av-kweqc24h-5b7b6e863637b0149cf19adde3dce23e .special-heading-inner-border{\nborder-color:#ffffff;\n}\n.av-special-heading.av-kweqc24h-5b7b6e863637b0149cf19adde3dce23e .av-subheading{\nfont-size:15px;\n}\n\n@media only screen and (min-width: 480px) and (max-width: 767px){ \n#top #wrap_all .av-special-heading.av-kweqc24h-5b7b6e863637b0149cf19adde3dce23e .av-special-heading-tag{\nfont-size:0.8em;\n}\n}\n\n@media only screen and (max-width: 479px){ \n#top #wrap_all .av-special-heading.av-kweqc24h-5b7b6e863637b0149cf19adde3dce23e .av-special-heading-tag{\nfont-size:0.8em;\n}\n}\n<\/style>\n<div  class='av-special-heading av-kweqc24h-5b7b6e863637b0149cf19adde3dce23e av-special-heading-h1 custom-color-heading blockquote modern-quote modern-centered  avia-builder-el-1  avia-builder-el-no-sibling  header-titel av-inherit-size av-linked-heading'><h1 class='av-special-heading-tag '  itemprop=\"headline\"  ><a class=\"av-heading-link\" href=\"#efre\" >INNOVAZIONE E RICERCA<\/a><\/h1><div class=\"special-heading-border\"><div class=\"special-heading-inner-border\"><\/div><\/div><\/div>\n<\/div><\/div><\/main><!-- close content main element --><\/div><\/div><\/div><div id='efre'  class='avia-section av-ca53o6-4ff40a5bd66ee0c9c0a368b39244dd09 main_color avia-section-default avia-no-border-styling  avia-builder-el-2  el_after_av_section  avia-builder-el-last  avia-bg-style-scroll container_wrap fullsize'  ><div class='container av-section-cont-open' ><div class='template-page content  av-content-full alpha units'><div class='post-entry post-entry-type-page post-entry-8683'><div class='entry-content-wrapper clearfix'>\n<div  class='flex_column av-aov79y-8fb77874573c0c67aea4119af109a9ff av_two_fifth  avia-builder-el-3  el_before_av_three_fifth  avia-builder-el-first  first av-break-at-tablet flex_column_div av-animated-generic left-to-right  '     ><p>\n<style type=\"text\/css\" data-created_by=\"avia_inline_auto\" id=\"style-css-av-9wfbpi-d2844f8f0d0cee07eed6989b2f64fb4f\">\n.avia-image-container.av-9wfbpi-d2844f8f0d0cee07eed6989b2f64fb4f img.avia_image{\nbox-shadow:none;\n}\n.avia-image-container.av-9wfbpi-d2844f8f0d0cee07eed6989b2f64fb4f .av-image-caption-overlay-center{\ncolor:#ffffff;\n}\n<\/style>\n<div  class='avia-image-container av-9wfbpi-d2844f8f0d0cee07eed6989b2f64fb4f av-styling- avia-align-center  avia-builder-el-4  el_before_av_hr  avia-builder-el-first '   itemprop=\"image\" itemscope=\"itemscope\" itemtype=\"https:\/\/schema.org\/ImageObject\" ><div class=\"avia-image-container-inner\"><div class=\"avia-image-overlay-wrap\"><img decoding=\"async\" fetchpriority=\"high\" class='wp-image-8351 avia-img-lazy-loading-not-8351 avia_image ' src=\"https:\/\/zipperle.it\/wp-content\/uploads\/2021\/11\/efre-fesr_oval_def_1000px.png\" alt='' title='efre-fesr_oval_def_1000px'  height=\"788\" width=\"1000\"  itemprop=\"thumbnailUrl\" srcset=\"https:\/\/zipperle.it\/wp-content\/uploads\/2021\/11\/efre-fesr_oval_def_1000px.png 1000w, https:\/\/zipperle.it\/wp-content\/uploads\/2021\/11\/efre-fesr_oval_def_1000px-300x236.png 300w, https:\/\/zipperle.it\/wp-content\/uploads\/2021\/11\/efre-fesr_oval_def_1000px-768x605.png 768w, https:\/\/zipperle.it\/wp-content\/uploads\/2021\/11\/efre-fesr_oval_def_1000px-705x556.png 705w\" sizes=\"(max-width: 1000px) 100vw, 1000px\" \/><\/div><\/div><\/div><br \/>\n\n<style type=\"text\/css\" data-created_by=\"avia_inline_auto\" id=\"style-css-av-2ku31y-8d504bf6f10794f020f4bb7fd2995760\">\n#top .hr.hr-invisible.av-2ku31y-8d504bf6f10794f020f4bb7fd2995760{\nheight:10px;\n}\n<\/style>\n<div  class='hr av-2ku31y-8d504bf6f10794f020f4bb7fd2995760 hr-invisible  avia-builder-el-5  el_after_av_image  el_before_av_buttonrow '><span class='hr-inner '><span class=\"hr-inner-style\"><\/span><\/span><\/div><br \/>\n<div  class='avia-buttonrow-wrap av-kwghxk7o-c33b8e21f69fac57827e29e132ca13f4 avia-buttonrow-center  avia-builder-el-6  el_after_av_hr  avia-builder-el-last '>\n\n<style type=\"text\/css\" data-created_by=\"avia_inline_auto\" id=\"style-css-av-kwghxieh-37e0c8dc05f13cdb00dfe35847cb1056\">\n#top #wrap_all .avia-button.av-kwghxieh-37e0c8dc05f13cdb00dfe35847cb1056{\nmargin-bottom:10px;\nmargin-right:5px;\nmargin-left:5px;\n}\n<\/style>\n<a href='https:\/\/zipperle.it\/wp-content\/uploads\/2021\/11\/efre-fesr_zipperle.pdf'  class='avia-button av-kwghxieh-37e0c8dc05f13cdb00dfe35847cb1056 avia-icon_select-yes-left-icon avia-size-medium avia-color-theme-color'  target=\"_blank\"  rel=\"noopener noreferrer\"  aria-label=\"Download EFRE-FESR\"><span class='avia_button_icon avia_button_icon_left avia-iconfont avia-font-entypo-fontello' data-av_icon='\ue875' data-av_iconfont='entypo-fontello' ><\/span><span class='avia_iconbox_title' >Download EFRE-FESR<\/span><\/a>\n<\/div><\/p><\/div><div  class='flex_column av-73b2bq-6aa30c3de77e4b3bcbe0891f88181cfb av_three_fifth  avia-builder-el-7  el_after_av_two_fifth  avia-builder-el-last  av-break-at-tablet flex_column_div av-animated-generic top-to-bottom  '     ><p>\n<style type=\"text\/css\" data-created_by=\"avia_inline_auto\" id=\"style-css-av-jqhee-5cdb0971efe476c96df792e3ca28d25e\">\n.avia-image-container.av-jqhee-5cdb0971efe476c96df792e3ca28d25e img.avia_image{\nbox-shadow:none;\n}\n.avia-image-container.av-jqhee-5cdb0971efe476c96df792e3ca28d25e .av-image-caption-overlay-center{\ncolor:#ffffff;\n}\n<\/style>\n<div  class='avia-image-container av-jqhee-5cdb0971efe476c96df792e3ca28d25e av-styling- avia-align-left  avia-builder-el-8  el_before_av_heading  avia-builder-el-first '   itemprop=\"image\" itemscope=\"itemscope\" itemtype=\"https:\/\/schema.org\/ImageObject\" ><div class=\"avia-image-container-inner\"><div class=\"avia-image-overlay-wrap\"><img decoding=\"async\" fetchpriority=\"high\" class='wp-image-8306 avia-img-lazy-loading-not-8306 avia_image ' src=\"https:\/\/zipperle.it\/wp-content\/uploads\/2021\/11\/efre-fesr_logo_header_350px.jpg\" alt='' title='efre-fesr_logo_header_350px'  height=\"76\" width=\"350\"  itemprop=\"thumbnailUrl\" srcset=\"https:\/\/zipperle.it\/wp-content\/uploads\/2021\/11\/efre-fesr_logo_header_350px.jpg 350w, https:\/\/zipperle.it\/wp-content\/uploads\/2021\/11\/efre-fesr_logo_header_350px-300x65.jpg 300w\" sizes=\"(max-width: 350px) 100vw, 350px\" \/><\/div><\/div><\/div><br \/>\n\n<style type=\"text\/css\" data-created_by=\"avia_inline_auto\" id=\"style-css-av-4doejq-9420c7f52ba5499d077a45dc24c31b7d\">\n#top .av-special-heading.av-4doejq-9420c7f52ba5499d077a45dc24c31b7d{\nmargin:20px 0 0 0;\npadding-bottom:10px;\n}\nbody .av-special-heading.av-4doejq-9420c7f52ba5499d077a45dc24c31b7d .av-special-heading-tag .heading-char{\nfont-size:25px;\n}\n.av-special-heading.av-4doejq-9420c7f52ba5499d077a45dc24c31b7d .av-subheading{\nfont-size:15px;\n}\n<\/style>\n<div  class='av-special-heading av-4doejq-9420c7f52ba5499d077a45dc24c31b7d av-special-heading-h2 blockquote modern-quote  avia-builder-el-9  el_after_av_image  el_before_av_textblock  av-linked-heading'><h2 class='av-special-heading-tag '  itemprop=\"headline\"  ><a class=\"av-heading-link\" href=\"https:\/\/ec.europa.eu\/regional_policy\/de\/funding\/erdf\/\" target=\"_blank\"  rel=\"noopener noreferrer\" >Il Fondo europeo per lo sviluppo regionale<\/a><\/h2><div class=\"special-heading-border\"><div class=\"special-heading-inner-border\"><\/div><\/div><\/div><br \/>\n<section  class='av_textblock_section av-2094o6-029a586af8d1a4b3fe87fa7f30d29a1d '   itemscope=\"itemscope\" itemtype=\"https:\/\/schema.org\/CreativeWork\" ><div class='avia_textblock'  itemprop=\"text\" ><p>Il Fondo europeo per lo sviluppo regionale, in breve FESR, \u00e8 uno dei Fondi strutturali e di investimento europei per l&#8217;attuazione della politica regionale comunitaria. Il FESR mira a compensare squilibri regionali per rafforzare la coesione economica, sociale e territoriale. Nella Provincia autonoma di Bolzano-Alto Adige le attivit\u00e0 finanziate dal FESR vengono attuate tramite quattro assi tematici. L\u2019obiettivo comune \u00e8 uno sviluppo positivo di competitivit\u00e0, qualit\u00e0 della vita e ambiente.<\/p>\n<p>Per il periodo 2014-2020 il Programma FESR della Provincia autonoma di Bolzano-Alto Adige dispone di 136 milioni di euro, di cui 50% fondi FESR, 35% fondi statali e 15% fondi provinciali.<\/p>\n<p><strong>Priorit\u00e0 tematiche:<\/strong><\/p>\n<ul>\n<li>Ricerca e Innovazione (rafforzare la ricerca, lo sviluppo tecnologico e l\u2019innovazione) &#8211; Potenziamento dell&#8217;infrastruttura per ricerca e innovazione. Incremento delle attivit\u00e0 di innovazione delle imprese. Servizi per l&#8217;innovazione nelle imprese.<\/li>\n<li>Contesto digitale (migliorare l\u2019accesso alle TIC, il loro utilizzo e la loro qualit\u00e0) &#8211; Riduzione dei divari digitali nel territorio e diffusione di connettivit\u00e0 in banda ultra larga (Agenda Digitale europea). Digitalizzazione dei processi amministrativi e diffusione di servizi digitali pienamente interoperabili.<\/li>\n<li>Ambiente sostenibile (sostenere la transizione verso un\u2019economia a bassa emissione di carbonio in tutti i settori) &#8211; Riduzione dei consumi energetici negli edifici e nelle strutture pubbliche o ad uso pubblico, residenziali e non residenziali, e integrazione di fonti rinnovabili. Aumento della mobilit\u00e0 sostenibile nelle aree urbane.<\/li>\n<\/ul>\n<\/div><\/section><\/p><\/div>\n<\/p>\n","protected":false},"excerpt":{"rendered":"","protected":false},"author":1,"featured_media":8341,"parent":0,"menu_order":0,"comment_status":"closed","ping_status":"closed","template":"","meta":{"footnotes":""},"class_list":["post-8683","page","type-page","status-publish","has-post-thumbnail","hentry"],"yoast_head":"<!-- This site is optimized with the Yoast SEO plugin v27.3 - https:\/\/yoast.com\/product\/yoast-seo-wordpress\/ -->\n<title>efrefesr Fondo europeo - Hans Zipperle SpA<\/title>\n<meta name=\"description\" content=\"efrefesr Fondo europeo: Il Fondo europeo per lo sviluppo regionale \u00e8 uno dei Fondi strutturali e di investimento europei per l&#039;attuazione della politica regionale comunitaria.\" \/>\n<meta name=\"robots\" content=\"index, follow, max-snippet:-1, max-image-preview:large, max-video-preview:-1\" \/>\n<link rel=\"canonical\" href=\"https:\/\/zipperle.it\/it\/efrefesr-fondo-europeo\/\" \/>\n<meta property=\"og:locale\" content=\"it_IT\" \/>\n<meta property=\"og:type\" content=\"article\" \/>\n<meta property=\"og:title\" content=\"efrefesr Fondo europeo - Hans Zipperle SpA\" \/>\n<meta property=\"og:description\" content=\"efrefesr Fondo europeo: Il Fondo europeo per lo sviluppo regionale \u00e8 uno dei Fondi strutturali e di investimento europei per l&#039;attuazione della politica regionale comunitaria.\" \/>\n<meta property=\"og:url\" content=\"https:\/\/zipperle.it\/it\/efrefesr-fondo-europeo\/\" \/>\n<meta property=\"og:site_name\" content=\"Hans Zipperle SpA\" \/>\n<meta property=\"article:publisher\" content=\"https:\/\/www.facebook.com\/Hans-Zipperle-AG-106488718443041\/\" \/>\n<meta property=\"article:modified_time\" content=\"2022-02-02T15:58:48+00:00\" \/>\n<meta property=\"og:image\" content=\"https:\/\/zipperle.it\/wp-content\/uploads\/2021\/11\/efre_header_1030px.jpg\" \/>\n\t<meta property=\"og:image:width\" content=\"1030\" \/>\n\t<meta property=\"og:image:height\" content=\"570\" \/>\n\t<meta property=\"og:image:type\" content=\"image\/jpeg\" \/>\n<meta name=\"twitter:card\" content=\"summary_large_image\" \/>\n<meta name=\"twitter:label1\" content=\"Tempo di lettura stimato\" \/>\n\t<meta name=\"twitter:data1\" content=\"9 minuti\" \/>\n<script type=\"application\/ld+json\" class=\"yoast-schema-graph\">{\"@context\":\"https:\\\/\\\/schema.org\",\"@graph\":[{\"@type\":\"WebPage\",\"@id\":\"https:\\\/\\\/zipperle.it\\\/it\\\/efrefesr-fondo-europeo\\\/\",\"url\":\"https:\\\/\\\/zipperle.it\\\/it\\\/efrefesr-fondo-europeo\\\/\",\"name\":\"efrefesr Fondo europeo - Hans Zipperle SpA\",\"isPartOf\":{\"@id\":\"https:\\\/\\\/zipperle.it\\\/it\\\/#website\"},\"primaryImageOfPage\":{\"@id\":\"https:\\\/\\\/zipperle.it\\\/it\\\/efrefesr-fondo-europeo\\\/#primaryimage\"},\"image\":{\"@id\":\"https:\\\/\\\/zipperle.it\\\/it\\\/efrefesr-fondo-europeo\\\/#primaryimage\"},\"thumbnailUrl\":\"https:\\\/\\\/zipperle.it\\\/wp-content\\\/uploads\\\/2021\\\/11\\\/efre_header_1030px.jpg\",\"datePublished\":\"2021-11-25T09:05:34+00:00\",\"dateModified\":\"2022-02-02T15:58:48+00:00\",\"description\":\"efrefesr Fondo europeo: Il Fondo europeo per lo sviluppo regionale \u00e8 uno dei Fondi strutturali e di investimento europei per l'attuazione della politica regionale comunitaria.\",\"breadcrumb\":{\"@id\":\"https:\\\/\\\/zipperle.it\\\/it\\\/efrefesr-fondo-europeo\\\/#breadcrumb\"},\"inLanguage\":\"it-IT\",\"potentialAction\":[{\"@type\":\"ReadAction\",\"target\":[\"https:\\\/\\\/zipperle.it\\\/it\\\/efrefesr-fondo-europeo\\\/\"]}]},{\"@type\":\"ImageObject\",\"inLanguage\":\"it-IT\",\"@id\":\"https:\\\/\\\/zipperle.it\\\/it\\\/efrefesr-fondo-europeo\\\/#primaryimage\",\"url\":\"https:\\\/\\\/zipperle.it\\\/wp-content\\\/uploads\\\/2021\\\/11\\\/efre_header_1030px.jpg\",\"contentUrl\":\"https:\\\/\\\/zipperle.it\\\/wp-content\\\/uploads\\\/2021\\\/11\\\/efre_header_1030px.jpg\",\"width\":1030,\"height\":570,\"caption\":\"efrefesr\"},{\"@type\":\"BreadcrumbList\",\"@id\":\"https:\\\/\\\/zipperle.it\\\/it\\\/efrefesr-fondo-europeo\\\/#breadcrumb\",\"itemListElement\":[{\"@type\":\"ListItem\",\"position\":1,\"name\":\"Startseite\",\"item\":\"https:\\\/\\\/zipperle.it\\\/it\\\/hans-zipperle-spa\\\/\"},{\"@type\":\"ListItem\",\"position\":2,\"name\":\"efrefesr Fondo europeo\"}]},{\"@type\":\"WebSite\",\"@id\":\"https:\\\/\\\/zipperle.it\\\/it\\\/#website\",\"url\":\"https:\\\/\\\/zipperle.it\\\/it\\\/\",\"name\":\"Hans Zipperle SpA\",\"description\":\"Fruit from the Heart of Europe\",\"publisher\":{\"@id\":\"https:\\\/\\\/zipperle.it\\\/it\\\/#organization\"},\"potentialAction\":[{\"@type\":\"SearchAction\",\"target\":{\"@type\":\"EntryPoint\",\"urlTemplate\":\"https:\\\/\\\/zipperle.it\\\/it\\\/?s={search_term_string}\"},\"query-input\":{\"@type\":\"PropertyValueSpecification\",\"valueRequired\":true,\"valueName\":\"search_term_string\"}}],\"inLanguage\":\"it-IT\"},{\"@type\":\"Organization\",\"@id\":\"https:\\\/\\\/zipperle.it\\\/it\\\/#organization\",\"name\":\"Hans Zipperle SpA\",\"url\":\"https:\\\/\\\/zipperle.it\\\/it\\\/\",\"logo\":{\"@type\":\"ImageObject\",\"inLanguage\":\"it-IT\",\"@id\":\"https:\\\/\\\/zipperle.it\\\/it\\\/#\\\/schema\\\/logo\\\/image\\\/\",\"url\":\"https:\\\/\\\/zipperle.it\\\/wp-content\\\/uploads\\\/2022\\\/01\\\/zipperle_logo_negativ_1030x687px.png\",\"contentUrl\":\"https:\\\/\\\/zipperle.it\\\/wp-content\\\/uploads\\\/2022\\\/01\\\/zipperle_logo_negativ_1030x687px.png\",\"width\":1030,\"height\":687,\"caption\":\"Hans Zipperle SpA\"},\"image\":{\"@id\":\"https:\\\/\\\/zipperle.it\\\/it\\\/#\\\/schema\\\/logo\\\/image\\\/\"},\"sameAs\":[\"https:\\\/\\\/www.facebook.com\\\/Hans-Zipperle-AG-106488718443041\\\/\"]}]}<\/script>\n<!-- \/ Yoast SEO plugin. -->","yoast_head_json":{"title":"efrefesr Fondo europeo - Hans Zipperle SpA","description":"efrefesr Fondo europeo: Il Fondo europeo per lo sviluppo regionale \u00e8 uno dei Fondi strutturali e di investimento europei per l'attuazione della politica regionale comunitaria.","robots":{"index":"index","follow":"follow","max-snippet":"max-snippet:-1","max-image-preview":"max-image-preview:large","max-video-preview":"max-video-preview:-1"},"canonical":"https:\/\/zipperle.it\/it\/efrefesr-fondo-europeo\/","og_locale":"it_IT","og_type":"article","og_title":"efrefesr Fondo europeo - Hans Zipperle SpA","og_description":"efrefesr Fondo europeo: Il Fondo europeo per lo sviluppo regionale \u00e8 uno dei Fondi strutturali e di investimento europei per l'attuazione della politica regionale comunitaria.","og_url":"https:\/\/zipperle.it\/it\/efrefesr-fondo-europeo\/","og_site_name":"Hans Zipperle SpA","article_publisher":"https:\/\/www.facebook.com\/Hans-Zipperle-AG-106488718443041\/","article_modified_time":"2022-02-02T15:58:48+00:00","og_image":[{"width":1030,"height":570,"url":"https:\/\/zipperle.it\/wp-content\/uploads\/2021\/11\/efre_header_1030px.jpg","type":"image\/jpeg"}],"twitter_card":"summary_large_image","twitter_misc":{"Tempo di lettura stimato":"9 minuti"},"schema":{"@context":"https:\/\/schema.org","@graph":[{"@type":"WebPage","@id":"https:\/\/zipperle.it\/it\/efrefesr-fondo-europeo\/","url":"https:\/\/zipperle.it\/it\/efrefesr-fondo-europeo\/","name":"efrefesr Fondo europeo - Hans Zipperle SpA","isPartOf":{"@id":"https:\/\/zipperle.it\/it\/#website"},"primaryImageOfPage":{"@id":"https:\/\/zipperle.it\/it\/efrefesr-fondo-europeo\/#primaryimage"},"image":{"@id":"https:\/\/zipperle.it\/it\/efrefesr-fondo-europeo\/#primaryimage"},"thumbnailUrl":"https:\/\/zipperle.it\/wp-content\/uploads\/2021\/11\/efre_header_1030px.jpg","datePublished":"2021-11-25T09:05:34+00:00","dateModified":"2022-02-02T15:58:48+00:00","description":"efrefesr Fondo europeo: Il Fondo europeo per lo sviluppo regionale \u00e8 uno dei Fondi strutturali e di investimento europei per l'attuazione della politica regionale comunitaria.","breadcrumb":{"@id":"https:\/\/zipperle.it\/it\/efrefesr-fondo-europeo\/#breadcrumb"},"inLanguage":"it-IT","potentialAction":[{"@type":"ReadAction","target":["https:\/\/zipperle.it\/it\/efrefesr-fondo-europeo\/"]}]},{"@type":"ImageObject","inLanguage":"it-IT","@id":"https:\/\/zipperle.it\/it\/efrefesr-fondo-europeo\/#primaryimage","url":"https:\/\/zipperle.it\/wp-content\/uploads\/2021\/11\/efre_header_1030px.jpg","contentUrl":"https:\/\/zipperle.it\/wp-content\/uploads\/2021\/11\/efre_header_1030px.jpg","width":1030,"height":570,"caption":"efrefesr"},{"@type":"BreadcrumbList","@id":"https:\/\/zipperle.it\/it\/efrefesr-fondo-europeo\/#breadcrumb","itemListElement":[{"@type":"ListItem","position":1,"name":"Startseite","item":"https:\/\/zipperle.it\/it\/hans-zipperle-spa\/"},{"@type":"ListItem","position":2,"name":"efrefesr Fondo europeo"}]},{"@type":"WebSite","@id":"https:\/\/zipperle.it\/it\/#website","url":"https:\/\/zipperle.it\/it\/","name":"Hans Zipperle SpA","description":"Fruit from the Heart of Europe","publisher":{"@id":"https:\/\/zipperle.it\/it\/#organization"},"potentialAction":[{"@type":"SearchAction","target":{"@type":"EntryPoint","urlTemplate":"https:\/\/zipperle.it\/it\/?s={search_term_string}"},"query-input":{"@type":"PropertyValueSpecification","valueRequired":true,"valueName":"search_term_string"}}],"inLanguage":"it-IT"},{"@type":"Organization","@id":"https:\/\/zipperle.it\/it\/#organization","name":"Hans Zipperle SpA","url":"https:\/\/zipperle.it\/it\/","logo":{"@type":"ImageObject","inLanguage":"it-IT","@id":"https:\/\/zipperle.it\/it\/#\/schema\/logo\/image\/","url":"https:\/\/zipperle.it\/wp-content\/uploads\/2022\/01\/zipperle_logo_negativ_1030x687px.png","contentUrl":"https:\/\/zipperle.it\/wp-content\/uploads\/2022\/01\/zipperle_logo_negativ_1030x687px.png","width":1030,"height":687,"caption":"Hans Zipperle SpA"},"image":{"@id":"https:\/\/zipperle.it\/it\/#\/schema\/logo\/image\/"},"sameAs":["https:\/\/www.facebook.com\/Hans-Zipperle-AG-106488718443041\/"]}]}},"_links":{"self":[{"href":"https:\/\/zipperle.it\/it\/wp-json\/wp\/v2\/pages\/8683","targetHints":{"allow":["GET"]}}],"collection":[{"href":"https:\/\/zipperle.it\/it\/wp-json\/wp\/v2\/pages"}],"about":[{"href":"https:\/\/zipperle.it\/it\/wp-json\/wp\/v2\/types\/page"}],"author":[{"embeddable":true,"href":"https:\/\/zipperle.it\/it\/wp-json\/wp\/v2\/users\/1"}],"replies":[{"embeddable":true,"href":"https:\/\/zipperle.it\/it\/wp-json\/wp\/v2\/comments?post=8683"}],"version-history":[{"count":0,"href":"https:\/\/zipperle.it\/it\/wp-json\/wp\/v2\/pages\/8683\/revisions"}],"wp:featuredmedia":[{"embeddable":true,"href":"https:\/\/zipperle.it\/it\/wp-json\/wp\/v2\/media\/8341"}],"wp:attachment":[{"href":"https:\/\/zipperle.it\/it\/wp-json\/wp\/v2\/media?parent=8683"}],"curies":[{"name":"wp","href":"https:\/\/api.w.org\/{rel}","templated":true}]}}