{"id":9102,"date":"2021-01-24T16:37:46","date_gmt":"2021-01-24T15:37:46","guid":{"rendered":"https:\/\/zipperle.it\/impressum-datenschutz\/"},"modified":"2023-02-07T16:51:32","modified_gmt":"2023-02-07T15:51:32","slug":"colophon-privacy","status":"publish","type":"page","link":"https:\/\/zipperle.it\/it\/colophon-privacy\/","title":{"rendered":"Colophon"},"content":{"rendered":"\n<style type=\"text\/css\" data-created_by=\"avia_inline_auto\" id=\"style-css-av-850l7q-ce7c58ed42388f39616a75308becf5e0\">\n#top .av-special-heading.av-850l7q-ce7c58ed42388f39616a75308becf5e0{\npadding-bottom:10px;\n}\nbody .av-special-heading.av-850l7q-ce7c58ed42388f39616a75308becf5e0 .av-special-heading-tag .heading-char{\nfont-size:25px;\n}\n.av-special-heading.av-850l7q-ce7c58ed42388f39616a75308becf5e0 .av-subheading{\nfont-size:15px;\n}\n<\/style>\n<div  class='av-special-heading av-850l7q-ce7c58ed42388f39616a75308becf5e0 av-special-heading-h1  avia-builder-el-0  el_before_av_one_half  avia-builder-el-first '><h1 class='av-special-heading-tag '  itemprop=\"headline\"  >Colophon<\/h1><div class=\"special-heading-border\"><div class=\"special-heading-inner-border\"><\/div><\/div><\/div>\n\n<style type=\"text\/css\" data-created_by=\"avia_inline_auto\" id=\"style-css-av-3is5ee-5fa96951ee1f146dfaee5335dfd008b2\">\n.flex_column.av-3is5ee-5fa96951ee1f146dfaee5335dfd008b2{\nborder-radius:0px 0px 0px 0px;\npadding:0px 0px 0px 0px;\n}\n<\/style>\n<div  class='flex_column av-3is5ee-5fa96951ee1f146dfaee5335dfd008b2 av_one_half  avia-builder-el-1  el_after_av_heading  el_before_av_one_half  first flex_column_div av-zero-column-padding  '     ><section  class='av_textblock_section av-kkbb0urk-04e33c922e3612db2bc1d2a00dd8f9f7 '   itemscope=\"itemscope\" itemtype=\"https:\/\/schema.org\/CreativeWork\" ><div class='avia_textblock'  itemprop=\"text\" ><p class=\"p1\"><span class=\"s1\">Hans Zipperle S.p.A.<br \/>\nVia Max Valier, 3<br \/>\n39012 Merano<br \/>\nTelefono: +39 0473 274100<br \/>\nFax: +39 0473 274222<br \/>\nE-Mail: <a href=\"mailto:zisaft@zipperle.it\"><span class=\"s2\">zisaft@zipperle.it<\/span><\/a><br \/>\n<a href=\"https:\/\/www.zipperle.it\/it\/\"><span class=\"s2\">www.zipperle.it<\/span><\/a> <\/span><\/p>\n<p class=\"p1\"><span class=\"s1\">Iscrizione al Registro della Camera di Commercio di Bolzano n. BZ 00039990213<br \/>\nPartita IVA: IT 00039990213<br \/>\nCapitale Soc. \u20ac 6.192.000 int. versato. Sede a Merano <\/span><\/p>\n<p class=\"p1\"><span class=\"s1\">Responsabile per contenuti e diritti di stampa: Brandst\u00e4tter Thomas, Hans Zipperle S.p.A.<br \/>\nRedazione: Hans Zipperle S.p.A.<\/span><\/p>\n<p class=\"p1\">Diritti d&#8217;autore foto e video: <a href=\"https:\/\/www.shutterstock.com\/it\" target=\"_blank\" rel=\"noopener\">Shutterstock<\/a>, Omega Production S\u00fcdtirol, Werbecompany Meran, Zipperle AG.<\/p>\n<\/div><\/section><\/div>\n\n<style type=\"text\/css\" data-created_by=\"avia_inline_auto\" id=\"style-css-av-bbk1y-b1c42ca31dfd49c7420e8f58ee3993cf\">\n.flex_column.av-bbk1y-b1c42ca31dfd49c7420e8f58ee3993cf{\nborder-radius:0px 0px 0px 0px;\npadding:0px 0px 0px 0px;\n}\n<\/style>\n<div  class='flex_column av-bbk1y-b1c42ca31dfd49c7420e8f58ee3993cf av_one_half  avia-builder-el-3  el_after_av_one_half  el_before_av_hr  flex_column_div av-zero-column-padding  '     ><section  class='av_textblock_section av-kkbb1dvo-a5d9ab6d420ed7f362cb5e732aacbcef '   itemscope=\"itemscope\" itemtype=\"https:\/\/schema.org\/CreativeWork\" ><div class='avia_textblock'  itemprop=\"text\" ><p class=\"p1\"><span class=\"s1\"><b>Concetto, grafica e programmazione:<\/b><br \/>\nandale grafic snc. d. Ortner A. &amp; Duschek P.<br \/>\nI-39012 MERANO (BZ)<br \/>\nVicolo Passiria 2\/A<br \/>\nTel. +39 0473 690989<br \/>\nEmail:\u00a0<a href=\"mailto:office@andale.info\"><span class=\"s2\">office@andale.info<\/span><\/a><br \/>\nWeb:\u00a0<a href=\"https:\/\/andale.info\/\"><span class=\"s2\">andale.info<\/span><\/a><\/span><\/p>\n<\/div><\/section><\/div>\n\n<style type=\"text\/css\" data-created_by=\"avia_inline_auto\" id=\"style-css-av-kz8loldk-6d6e71aa2b29b846dcadff96da2710ba\">\n#top .hr.hr-invisible.av-kz8loldk-6d6e71aa2b29b846dcadff96da2710ba{\nheight:30px;\n}\n<\/style>\n<div  class='hr av-kz8loldk-6d6e71aa2b29b846dcadff96da2710ba hr-invisible  avia-builder-el-5  el_after_av_one_half  el_before_av_heading '><span class='hr-inner '><span class=\"hr-inner-style\"><\/span><\/span><\/div>\n\n<style type=\"text\/css\" data-created_by=\"avia_inline_auto\" id=\"style-css-av-5awj92-f1a426f5e4bdde28ee662470c13e1193\">\n#top .av-special-heading.av-5awj92-f1a426f5e4bdde28ee662470c13e1193{\npadding-bottom:10px;\n}\nbody .av-special-heading.av-5awj92-f1a426f5e4bdde28ee662470c13e1193 .av-special-heading-tag .heading-char{\nfont-size:25px;\n}\n.av-special-heading.av-5awj92-f1a426f5e4bdde28ee662470c13e1193 .av-subheading{\nfont-size:15px;\n}\n<\/style>\n<div  class='av-special-heading av-5awj92-f1a426f5e4bdde28ee662470c13e1193 av-special-heading-h1  avia-builder-el-6  el_after_av_hr  el_before_av_textblock '><h1 class='av-special-heading-tag '  itemprop=\"headline\"  >Indicazioni<\/h1><div class=\"special-heading-border\"><div class=\"special-heading-inner-border\"><\/div><\/div><\/div>\n<section  class='av_textblock_section av-kkbb9j03-234e612b98b7dbe4885e738279e9b154 '   itemscope=\"itemscope\" itemtype=\"https:\/\/schema.org\/CreativeWork\" ><div class='avia_textblock'  itemprop=\"text\" ><p class=\"p1\"><span class=\"s1\"><b>1. Contenuto\u00a0<\/b><br \/>\nI contenuti e le informazioni presenti su questo sito Web sono stati da noi accuratamente controllati. Ci\u00f2 nonostante non ci assumiamo alcuna responsabilit\u00e0 n\u00e9 forniamo garanzie circa la loro esattezza e completezza. Ci riserviamo il diritto di aggiornare, modificare o integrare senza preavviso le informazioni messe a disposizione. <\/span><\/p>\n<p class=\"p1\"><span class=\"s1\"><b>2. Rimandi e link <\/b><br \/>\nNon ci assumiamo alcuna responsabilit\u00e0 per i contenuti dei link esterni. La responsabilit\u00e0 per il contenuto delle pagine visitabili tramite i link \u00e8 esclusivamente dei gestori delle pagine. <\/span><\/p>\n<p class=\"p1\"><span class=\"s1\"><b>3. Copyright (diritto d&#8217;autore e dei segni distintivi) <\/b><br \/>\nIl contenuto di questo sito Web \u00e8 protetto da copyright e non pu\u00f2 essere riprodotto o utilizzato in altre pubblicazioni stampate o elettroniche senza la nostra espressa autorizzazione. <\/span><\/p>\n<p class=\"p1\"><span class=\"s1\"><b>4. Validit\u00e0 giuridica <\/b><br \/>\nQualora parti o singole formulazioni del presente testo non corrispondano, non corrispondano pi\u00f9 o non corrispondano integralmente alla vigente situazione giuridica, restano comunque immutati il contenuto e la validit\u00e0 delle altre parti del documento. Dall&#8217;uso del sito Web non deriva alcun diritto n\u00e9 alcun contratto. Le controversie giuridiche sono risolte presso il Tribunale per noi competente. <\/span><\/p>\n<p class=\"p1\"><span class=\"s1\"><b>5. Risoluzione delle controversie online (ODR)<\/b><br \/>\nPiattaforma della commissione europea per la risoluzione delle controversie online: <a href=\"http:\/\/www.ec.europa.eu\/consumers\/odr\"><span class=\"s2\">www.ec.europa.eu\/consumers\/odr<\/span><\/a><\/span><\/p>\n<\/div><\/section>\n","protected":false},"excerpt":{"rendered":"","protected":false},"author":1,"featured_media":5191,"parent":0,"menu_order":0,"comment_status":"closed","ping_status":"closed","template":"","meta":{"footnotes":""},"class_list":["post-9102","page","type-page","status-publish","has-post-thumbnail","hentry"],"yoast_head":"<!-- This site is optimized with the Yoast SEO plugin v27.4 - https:\/\/yoast.com\/product\/yoast-seo-wordpress\/ -->\n<title>Colophon - Hans Zipperle SpA<\/title>\n<meta name=\"description\" content=\"Colophon: Hans Zipperle S.p.A. - Via Max Valier, 3 - 39012 Merano - Tel. +39 0473 274100 - Fax +39 0473 274222 - E-Mail: zisaft@zipperle.it\" \/>\n<meta name=\"robots\" content=\"index, follow, max-snippet:-1, max-image-preview:large, max-video-preview:-1\" \/>\n<link rel=\"canonical\" href=\"https:\/\/zipperle.it\/it\/colophon-privacy\/\" \/>\n<meta property=\"og:locale\" content=\"it_IT\" \/>\n<meta property=\"og:type\" content=\"article\" \/>\n<meta property=\"og:title\" content=\"Colophon - Hans Zipperle SpA\" \/>\n<meta property=\"og:description\" content=\"Colophon: Hans Zipperle S.p.A. - Via Max Valier, 3 - 39012 Merano - Tel. +39 0473 274100 - Fax +39 0473 274222 - E-Mail: zisaft@zipperle.it\" \/>\n<meta property=\"og:url\" content=\"https:\/\/zipperle.it\/it\/colophon-privacy\/\" \/>\n<meta property=\"og:site_name\" content=\"Hans Zipperle SpA\" \/>\n<meta property=\"article:publisher\" content=\"https:\/\/www.facebook.com\/Hans-Zipperle-AG-106488718443041\/\" \/>\n<meta property=\"article:modified_time\" content=\"2023-02-07T15:51:32+00:00\" \/>\n<meta property=\"og:image\" content=\"https:\/\/zipperle.it\/wp-content\/uploads\/2020\/04\/zipperle_meran_standort.jpg\" \/>\n\t<meta property=\"og:image:width\" content=\"1920\" \/>\n\t<meta property=\"og:image:height\" content=\"1411\" \/>\n\t<meta property=\"og:image:type\" content=\"image\/jpeg\" \/>\n<meta name=\"twitter:card\" content=\"summary_large_image\" \/>\n<meta name=\"twitter:label1\" content=\"Tempo di lettura stimato\" \/>\n\t<meta name=\"twitter:data1\" content=\"5 minuti\" \/>\n<script type=\"application\/ld+json\" class=\"yoast-schema-graph\">{\"@context\":\"https:\\\/\\\/schema.org\",\"@graph\":[{\"@type\":\"WebPage\",\"@id\":\"https:\\\/\\\/zipperle.it\\\/it\\\/colophon-privacy\\\/\",\"url\":\"https:\\\/\\\/zipperle.it\\\/it\\\/colophon-privacy\\\/\",\"name\":\"Colophon - Hans Zipperle SpA\",\"isPartOf\":{\"@id\":\"https:\\\/\\\/zipperle.it\\\/it\\\/#website\"},\"primaryImageOfPage\":{\"@id\":\"https:\\\/\\\/zipperle.it\\\/it\\\/colophon-privacy\\\/#primaryimage\"},\"image\":{\"@id\":\"https:\\\/\\\/zipperle.it\\\/it\\\/colophon-privacy\\\/#primaryimage\"},\"thumbnailUrl\":\"https:\\\/\\\/zipperle.it\\\/wp-content\\\/uploads\\\/2020\\\/04\\\/zipperle_meran_standort.jpg\",\"datePublished\":\"2021-01-24T15:37:46+00:00\",\"dateModified\":\"2023-02-07T15:51:32+00:00\",\"description\":\"Colophon: Hans Zipperle S.p.A. - Via Max Valier, 3 - 39012 Merano - Tel. +39 0473 274100 - Fax +39 0473 274222 - E-Mail: zisaft@zipperle.it\",\"breadcrumb\":{\"@id\":\"https:\\\/\\\/zipperle.it\\\/it\\\/colophon-privacy\\\/#breadcrumb\"},\"inLanguage\":\"it-IT\",\"potentialAction\":[{\"@type\":\"ReadAction\",\"target\":[\"https:\\\/\\\/zipperle.it\\\/it\\\/colophon-privacy\\\/\"]}]},{\"@type\":\"ImageObject\",\"inLanguage\":\"it-IT\",\"@id\":\"https:\\\/\\\/zipperle.it\\\/it\\\/colophon-privacy\\\/#primaryimage\",\"url\":\"https:\\\/\\\/zipperle.it\\\/wp-content\\\/uploads\\\/2020\\\/04\\\/zipperle_meran_standort.jpg\",\"contentUrl\":\"https:\\\/\\\/zipperle.it\\\/wp-content\\\/uploads\\\/2020\\\/04\\\/zipperle_meran_standort.jpg\",\"width\":1920,\"height\":1411,\"caption\":\"Colophon\"},{\"@type\":\"BreadcrumbList\",\"@id\":\"https:\\\/\\\/zipperle.it\\\/it\\\/colophon-privacy\\\/#breadcrumb\",\"itemListElement\":[{\"@type\":\"ListItem\",\"position\":1,\"name\":\"Startseite\",\"item\":\"https:\\\/\\\/zipperle.it\\\/it\\\/hans-zipperle-spa\\\/\"},{\"@type\":\"ListItem\",\"position\":2,\"name\":\"Colophon\"}]},{\"@type\":\"WebSite\",\"@id\":\"https:\\\/\\\/zipperle.it\\\/it\\\/#website\",\"url\":\"https:\\\/\\\/zipperle.it\\\/it\\\/\",\"name\":\"Hans Zipperle SpA\",\"description\":\"Fruit from the Heart of Europe\",\"publisher\":{\"@id\":\"https:\\\/\\\/zipperle.it\\\/it\\\/#organization\"},\"potentialAction\":[{\"@type\":\"SearchAction\",\"target\":{\"@type\":\"EntryPoint\",\"urlTemplate\":\"https:\\\/\\\/zipperle.it\\\/it\\\/?s={search_term_string}\"},\"query-input\":{\"@type\":\"PropertyValueSpecification\",\"valueRequired\":true,\"valueName\":\"search_term_string\"}}],\"inLanguage\":\"it-IT\"},{\"@type\":\"Organization\",\"@id\":\"https:\\\/\\\/zipperle.it\\\/it\\\/#organization\",\"name\":\"Hans Zipperle SpA\",\"url\":\"https:\\\/\\\/zipperle.it\\\/it\\\/\",\"logo\":{\"@type\":\"ImageObject\",\"inLanguage\":\"it-IT\",\"@id\":\"https:\\\/\\\/zipperle.it\\\/it\\\/#\\\/schema\\\/logo\\\/image\\\/\",\"url\":\"https:\\\/\\\/zipperle.it\\\/wp-content\\\/uploads\\\/2022\\\/01\\\/zipperle_logo_negativ_1030x687px.png\",\"contentUrl\":\"https:\\\/\\\/zipperle.it\\\/wp-content\\\/uploads\\\/2022\\\/01\\\/zipperle_logo_negativ_1030x687px.png\",\"width\":1030,\"height\":687,\"caption\":\"Hans Zipperle SpA\"},\"image\":{\"@id\":\"https:\\\/\\\/zipperle.it\\\/it\\\/#\\\/schema\\\/logo\\\/image\\\/\"},\"sameAs\":[\"https:\\\/\\\/www.facebook.com\\\/Hans-Zipperle-AG-106488718443041\\\/\"]}]}<\/script>\n<!-- \/ Yoast SEO plugin. -->","yoast_head_json":{"title":"Colophon - Hans Zipperle SpA","description":"Colophon: Hans Zipperle S.p.A. - Via Max Valier, 3 - 39012 Merano - Tel. +39 0473 274100 - Fax +39 0473 274222 - E-Mail: zisaft@zipperle.it","robots":{"index":"index","follow":"follow","max-snippet":"max-snippet:-1","max-image-preview":"max-image-preview:large","max-video-preview":"max-video-preview:-1"},"canonical":"https:\/\/zipperle.it\/it\/colophon-privacy\/","og_locale":"it_IT","og_type":"article","og_title":"Colophon - Hans Zipperle SpA","og_description":"Colophon: Hans Zipperle S.p.A. - Via Max Valier, 3 - 39012 Merano - Tel. +39 0473 274100 - Fax +39 0473 274222 - E-Mail: zisaft@zipperle.it","og_url":"https:\/\/zipperle.it\/it\/colophon-privacy\/","og_site_name":"Hans Zipperle SpA","article_publisher":"https:\/\/www.facebook.com\/Hans-Zipperle-AG-106488718443041\/","article_modified_time":"2023-02-07T15:51:32+00:00","og_image":[{"width":1920,"height":1411,"url":"https:\/\/zipperle.it\/wp-content\/uploads\/2020\/04\/zipperle_meran_standort.jpg","type":"image\/jpeg"}],"twitter_card":"summary_large_image","twitter_misc":{"Tempo di lettura stimato":"5 minuti"},"schema":{"@context":"https:\/\/schema.org","@graph":[{"@type":"WebPage","@id":"https:\/\/zipperle.it\/it\/colophon-privacy\/","url":"https:\/\/zipperle.it\/it\/colophon-privacy\/","name":"Colophon - Hans Zipperle SpA","isPartOf":{"@id":"https:\/\/zipperle.it\/it\/#website"},"primaryImageOfPage":{"@id":"https:\/\/zipperle.it\/it\/colophon-privacy\/#primaryimage"},"image":{"@id":"https:\/\/zipperle.it\/it\/colophon-privacy\/#primaryimage"},"thumbnailUrl":"https:\/\/zipperle.it\/wp-content\/uploads\/2020\/04\/zipperle_meran_standort.jpg","datePublished":"2021-01-24T15:37:46+00:00","dateModified":"2023-02-07T15:51:32+00:00","description":"Colophon: Hans Zipperle S.p.A. - Via Max Valier, 3 - 39012 Merano - Tel. +39 0473 274100 - Fax +39 0473 274222 - E-Mail: zisaft@zipperle.it","breadcrumb":{"@id":"https:\/\/zipperle.it\/it\/colophon-privacy\/#breadcrumb"},"inLanguage":"it-IT","potentialAction":[{"@type":"ReadAction","target":["https:\/\/zipperle.it\/it\/colophon-privacy\/"]}]},{"@type":"ImageObject","inLanguage":"it-IT","@id":"https:\/\/zipperle.it\/it\/colophon-privacy\/#primaryimage","url":"https:\/\/zipperle.it\/wp-content\/uploads\/2020\/04\/zipperle_meran_standort.jpg","contentUrl":"https:\/\/zipperle.it\/wp-content\/uploads\/2020\/04\/zipperle_meran_standort.jpg","width":1920,"height":1411,"caption":"Colophon"},{"@type":"BreadcrumbList","@id":"https:\/\/zipperle.it\/it\/colophon-privacy\/#breadcrumb","itemListElement":[{"@type":"ListItem","position":1,"name":"Startseite","item":"https:\/\/zipperle.it\/it\/hans-zipperle-spa\/"},{"@type":"ListItem","position":2,"name":"Colophon"}]},{"@type":"WebSite","@id":"https:\/\/zipperle.it\/it\/#website","url":"https:\/\/zipperle.it\/it\/","name":"Hans Zipperle SpA","description":"Fruit from the Heart of Europe","publisher":{"@id":"https:\/\/zipperle.it\/it\/#organization"},"potentialAction":[{"@type":"SearchAction","target":{"@type":"EntryPoint","urlTemplate":"https:\/\/zipperle.it\/it\/?s={search_term_string}"},"query-input":{"@type":"PropertyValueSpecification","valueRequired":true,"valueName":"search_term_string"}}],"inLanguage":"it-IT"},{"@type":"Organization","@id":"https:\/\/zipperle.it\/it\/#organization","name":"Hans Zipperle SpA","url":"https:\/\/zipperle.it\/it\/","logo":{"@type":"ImageObject","inLanguage":"it-IT","@id":"https:\/\/zipperle.it\/it\/#\/schema\/logo\/image\/","url":"https:\/\/zipperle.it\/wp-content\/uploads\/2022\/01\/zipperle_logo_negativ_1030x687px.png","contentUrl":"https:\/\/zipperle.it\/wp-content\/uploads\/2022\/01\/zipperle_logo_negativ_1030x687px.png","width":1030,"height":687,"caption":"Hans Zipperle SpA"},"image":{"@id":"https:\/\/zipperle.it\/it\/#\/schema\/logo\/image\/"},"sameAs":["https:\/\/www.facebook.com\/Hans-Zipperle-AG-106488718443041\/"]}]}},"_links":{"self":[{"href":"https:\/\/zipperle.it\/it\/wp-json\/wp\/v2\/pages\/9102","targetHints":{"allow":["GET"]}}],"collection":[{"href":"https:\/\/zipperle.it\/it\/wp-json\/wp\/v2\/pages"}],"about":[{"href":"https:\/\/zipperle.it\/it\/wp-json\/wp\/v2\/types\/page"}],"author":[{"embeddable":true,"href":"https:\/\/zipperle.it\/it\/wp-json\/wp\/v2\/users\/1"}],"replies":[{"embeddable":true,"href":"https:\/\/zipperle.it\/it\/wp-json\/wp\/v2\/comments?post=9102"}],"version-history":[{"count":0,"href":"https:\/\/zipperle.it\/it\/wp-json\/wp\/v2\/pages\/9102\/revisions"}],"wp:featuredmedia":[{"embeddable":true,"href":"https:\/\/zipperle.it\/it\/wp-json\/wp\/v2\/media\/5191"}],"wp:attachment":[{"href":"https:\/\/zipperle.it\/it\/wp-json\/wp\/v2\/media?parent=9102"}],"curies":[{"name":"wp","href":"https:\/\/api.w.org\/{rel}","templated":true}]}}